{"id":597,"date":"2024-07-02T00:00:05","date_gmt":"2024-07-01T22:00:05","guid":{"rendered":"https:\/\/shop.preview.iml.unibe.ch\/?post_type=product&#038;p=597"},"modified":"2025-11-11T12:08:47","modified_gmt":"2025-11-11T11:08:47","slug":"hemosurf","status":"publish","type":"product","link":"https:\/\/shop.preview.iml.unibe.ch\/fr\/products\/hemosurf\/","title":{"rendered":"HemoSurf"},"content":{"rendered":"<p>Un atlas d&rsquo;h\u00e9matologie interactif<br \/>\nVersion 3.1, 2024<br \/>\nAllemand\/fran\u00e7ais\/anglais\/espagnol<\/p>\n<p>U. Woermann, M. Montandon, A. Tobler, P. Keller<\/p>\n<p>Public cible : \u00e9tudiantes et \u00e9tudiants en m\u00e9decine, m\u00e9decins suivant une formation continue, notamment en m\u00e9decine interne ou en h\u00e9matologie, m\u00e9decins en exercice, \u00e9l\u00e8ves des \u00e9coles de laboratoire m\u00e9dico-technique, assistantes et assistants m\u00e9dicaux.<\/p>\n<p>HemoSurf est un programme d\u2019apprentissage interactif contenant plus de 3000 images de frottis sanguins et de moelle osseuse. HemoSurf constitue l\u2019un des plus grands r\u00e9pertoires d\u2019images h\u00e9matologiques. En outre, la qualit\u00e9 des images est sup\u00e9rieure \u00e0 la moyenne. Les images sont accessibles de deux mani\u00e8res : d\u2019une part, dans un concept d\u2019apprentissage didactique qui permet \u00e0 l\u2019utilisateur d\u2019\u00e9valuer les images h\u00e9matologiques \u00e9tape par \u00e9tape ; d\u2019autre part, dans une galerie o\u00f9 plus de 60 diff\u00e9rentes maladies du sang, dont certaines s\u2019accompagnent de frottis de moelle osseuse, peuvent \u00eatre visualis\u00e9es. De plus, les donn\u00e9es de laboratoire de tous les tableaux cliniques peuvent \u00eatre consult\u00e9es. Plus de 100 \u00e9l\u00e9ments d\u2019information fournissent des connaissances th\u00e9oriques en fonction du contexte. Le chapitre sur la technologie de laboratoire contient des s\u00e9quences vid\u00e9o relatives \u00e0 la r\u00e9alisation et \u00e0 la coloration d\u2019un frottis sanguin ainsi qu\u2019\u00e0 la r\u00e9alisation de r\u00e9actions de s\u00e9dimentation.<\/p>\n    <table class=\"medsurf-bulk-discount-table\">\n        <thead>\n            <tr>\n                                    <th>\n                        1 - 5 licences                    <\/th>\n                                    <th>\n                        6 - 99 licences                    <\/th>\n                                    <th>\n                        100+ licences                    <\/th>\n                            <\/tr>\n        <\/thead>\n        <tbody>\n            <tr>\n                                    <td>\n                        <span class=\"woocommerce-Price-amount amount\"><bdi><span class=\"woocommerce-Price-currencySymbol\">&#67;&#72;&#70;<\/span>&nbsp;19.90<\/bdi><\/span> par licence                    <\/td>\n                                    <td>\n                        <span class=\"woocommerce-Price-amount amount\"><bdi><span class=\"woocommerce-Price-currencySymbol\">&#67;&#72;&#70;<\/span>&nbsp;9.90<\/bdi><\/span> par licence                    <\/td>\n                                    <td>\n                        Total <span class=\"woocommerce-Price-amount amount\"><bdi><span class=\"woocommerce-Price-currencySymbol\">&#67;&#72;&#70;<\/span>&nbsp;999.00<\/bdi><\/span>                    <\/td>\n                            <\/tr>\n        <\/tbody>\n    <\/table>\n    \n","protected":false},"excerpt":{"rendered":"<p>HemoSurf est un programme d&rsquo;apprentissage interactif contenant plus de 3000 images de frottis sanguins et de moelle osseuse.<\/p>\n","protected":false},"featured_media":0,"template":"","meta":{"_acf_changed":false},"product_brand":[],"product_cat":[25],"product_tag":[],"class_list":{"0":"post-597","1":"product","2":"type-product","3":"status-publish","5":"product_cat-hemosurf","7":"first","8":"instock","9":"virtual","10":"taxable","11":"purchasable","12":"product-type-subscription"},"acf":[],"_links":{"self":[{"href":"https:\/\/shop.preview.iml.unibe.ch\/fr\/wp-json\/wp\/v2\/product\/597","targetHints":{"allow":["GET"]}}],"collection":[{"href":"https:\/\/shop.preview.iml.unibe.ch\/fr\/wp-json\/wp\/v2\/product"}],"about":[{"href":"https:\/\/shop.preview.iml.unibe.ch\/fr\/wp-json\/wp\/v2\/types\/product"}],"wp:attachment":[{"href":"https:\/\/shop.preview.iml.unibe.ch\/fr\/wp-json\/wp\/v2\/media?parent=597"}],"wp:term":[{"taxonomy":"product_brand","embeddable":true,"href":"https:\/\/shop.preview.iml.unibe.ch\/fr\/wp-json\/wp\/v2\/product_brand?post=597"},{"taxonomy":"product_cat","embeddable":true,"href":"https:\/\/shop.preview.iml.unibe.ch\/fr\/wp-json\/wp\/v2\/product_cat?post=597"},{"taxonomy":"product_tag","embeddable":true,"href":"https:\/\/shop.preview.iml.unibe.ch\/fr\/wp-json\/wp\/v2\/product_tag?post=597"}],"curies":[{"name":"wp","href":"https:\/\/api.w.org\/{rel}","templated":true}]}}