{"id":795,"date":"2024-01-24T15:57:34","date_gmt":"2024-01-24T14:57:34","guid":{"rendered":"https:\/\/shop.preview.iml.unibe.ch\/?page_id=795"},"modified":"2024-08-13T08:10:16","modified_gmt":"2024-08-13T06:10:16","slug":"start","status":"publish","type":"page","link":"https:\/\/shop.preview.iml.unibe.ch\/fr\/","title":{"rendered":"Bienvenue dans la boutique en ligne de l\u2019IML"},"content":{"rendered":"\n<p class=\"introduction-text\">Bienvenue dans la boutique en ligne de l\u2019Institut d\u2019enseignement m\u00e9dical (IML) de l\u2019Universit\u00e9 de Berne. Notre boutique vous permet d\u2019acc\u00e9der \u00e0 divers programmes et vid\u00e9os d\u2019apprentissage en ligne, qui ont \u00e9t\u00e9 d\u00e9velopp\u00e9s en collaboration avec des enseignantes et enseignants ainsi que des sp\u00e9cialistes de l\u2019auto-apprentissage \u00e0 la Facult\u00e9 de m\u00e9decine.<\/p>\n\n\n\n<div class=\"wp-block-columns are-vertically-aligned-center start-view-product has-background is-layout-flex wp-container-core-columns-is-layout-28f84493 wp-block-columns-is-layout-flex\" style=\"background-color:#f5f5f5\">\n<div class=\"wp-block-column is-vertically-aligned-center is-layout-flow wp-block-column-is-layout-flow\" style=\"flex-basis:66.66%\">\n<p class=\"has-black-color has-text-color has-link-color wp-elements-4507fa49a23ed8b0fe56b5aa88242b3e\" style=\"font-size:22px\"><strong>Programmes et vid\u00e9os d&rsquo;apprentissage en ligne<\/strong><\/p>\n<\/div>\n\n\n\n<div class=\"wp-block-column is-vertically-aligned-center is-layout-flow wp-block-column-is-layout-flow\" style=\"flex-basis:33.33%\">\n<div class=\"wp-block-buttons is-content-justification-right is-layout-flex wp-container-core-buttons-is-layout-27f651d6 wp-block-buttons-is-layout-flex\">\n<div class=\"wp-block-button has-custom-width wp-block-button__width-100\"><a class=\"wp-block-button__link has-white-color has-text-color has-background has-link-color has-text-align-center wp-element-button\" href=\"\/fr\/products\/\" style=\"background-color:#4a4a4a\">Voir nos produits<\/a><\/div>\n<\/div>\n<\/div>\n<\/div>\n\n\n\n<div class=\"wp-block-columns is-layout-flex wp-container-core-columns-is-layout-28f84493 wp-block-columns-is-layout-flex\">\n<div class=\"wp-block-column start-information-btn has-background is-layout-flow wp-block-column-is-layout-flow\" style=\"background-color:#f5f5f5\">\n<p class=\"has-text-align-center has-black-color has-text-color has-link-color wp-elements-7deaaef390bce0aa211e9573d4db7169\"><br><a href=\"\/fr\/faq\/\">Informations pour les<br><strong>acheteurs int\u00e9ress\u00e9s<\/strong><\/a><\/p>\n\n\n\n<p><\/p>\n<\/div>\n\n\n\n<div class=\"wp-block-column start-information-btn has-background is-layout-flow wp-block-column-is-layout-flow\" style=\"background-color:#f5f5f5\">\n<p class=\"has-text-align-center has-black-color has-text-color has-link-color wp-elements-4ee17478709b1efb996932dbe5c50870\"><br><a href=\"\/fr\/faq#mwst\">Informations pour les<br><strong>universit\u00e9s suisses<\/strong><\/a><\/p>\n\n\n\n<p><\/p>\n<\/div>\n<\/div>\n\n\n\n<hr class=\"wp-block-separator has-alpha-channel-opacity is-style-wide line-separator\"\/>\n\n\n\n<p>L\u2019Institut d\u2019enseignement m\u00e9dical (IML) de l\u2019Universit\u00e9 de Berne r\u00e9unit sous un m\u00eame toit l\u2019exp\u00e9rience et l\u2019expertise en mati\u00e8re d\u2019enseignement, d\u2019\u00e9valuation et de d\u00e9veloppement. Le d\u00e9partement de l\u2019enseignement et des m\u00e9dias (AUM) de l\u2019IML travaille avec des enseignantes et enseignants pour d\u00e9velopper des supports d\u2019apprentissage destin\u00e9s \u00e0 l\u2019auto-apprentissage au sein de la Facult\u00e9 de m\u00e9decine. En collaboration avec d\u2019autres facult\u00e9s, universit\u00e9s et partenaires externes, nous cr\u00e9ons des programmes d\u2019apprentissage, des vid\u00e9os, des animations et des graphiques interactifs bas\u00e9s sur le web. Nous soutenons la production gr\u00e2ce \u00e0 un studio vid\u00e9o et audio sur place et \u00e0 une \u00e9quipe vid\u00e9o professionnelle.<\/p>\n\n\n\n<p><\/p>\n","protected":false},"excerpt":{"rendered":"<p>Bienvenue dans la boutique en ligne de l\u2019Institut d\u2019enseignement m\u00e9dical (IML) de l\u2019Universit\u00e9 de Berne. Notre boutique vous permet d\u2019acc\u00e9der \u00e0 divers programmes et vid\u00e9os d\u2019apprentissage en ligne, qui ont \u00e9t\u00e9 d\u00e9velopp\u00e9s en collaboration avec des enseignantes et enseignants ainsi que des sp\u00e9cialistes de l\u2019auto-apprentissage \u00e0 la Facult\u00e9 de m\u00e9decine. Programmes et vid\u00e9os d&rsquo;apprentissage en [&hellip;]<\/p>\n","protected":false},"author":10,"featured_media":0,"parent":0,"menu_order":0,"comment_status":"closed","ping_status":"closed","template":"","meta":{"_acf_changed":false,"footnotes":""},"class_list":["post-795","page","type-page","status-publish","hentry"],"acf":[],"_links":{"self":[{"href":"https:\/\/shop.preview.iml.unibe.ch\/fr\/wp-json\/wp\/v2\/pages\/795","targetHints":{"allow":["GET"]}}],"collection":[{"href":"https:\/\/shop.preview.iml.unibe.ch\/fr\/wp-json\/wp\/v2\/pages"}],"about":[{"href":"https:\/\/shop.preview.iml.unibe.ch\/fr\/wp-json\/wp\/v2\/types\/page"}],"author":[{"embeddable":true,"href":"https:\/\/shop.preview.iml.unibe.ch\/fr\/wp-json\/wp\/v2\/users\/10"}],"replies":[{"embeddable":true,"href":"https:\/\/shop.preview.iml.unibe.ch\/fr\/wp-json\/wp\/v2\/comments?post=795"}],"version-history":[{"count":99,"href":"https:\/\/shop.preview.iml.unibe.ch\/fr\/wp-json\/wp\/v2\/pages\/795\/revisions"}],"predecessor-version":[{"id":1559,"href":"https:\/\/shop.preview.iml.unibe.ch\/fr\/wp-json\/wp\/v2\/pages\/795\/revisions\/1559"}],"wp:attachment":[{"href":"https:\/\/shop.preview.iml.unibe.ch\/fr\/wp-json\/wp\/v2\/media?parent=795"}],"curies":[{"name":"wp","href":"https:\/\/api.w.org\/{rel}","templated":true}]}}