{"id":792,"date":"2024-01-24T15:57:06","date_gmt":"2024-01-24T14:57:06","guid":{"rendered":"https:\/\/shop.preview.iml.unibe.ch\/?page_id=792"},"modified":"2026-03-03T19:19:26","modified_gmt":"2026-03-03T18:19:26","slug":"faq","status":"publish","type":"page","link":"https:\/\/shop.preview.iml.unibe.ch\/fr\/faq\/","title":{"rendered":"Foire aux questions"},"content":{"rendered":"\n<p class=\"introduction-text\">Vous trouverez ci-dessous les questions les plus fr\u00e9quemment pos\u00e9es \u00e0 propos de la boutique en ligne. Si votre question n\u2019est pas list\u00e9e ci-dessous, veuillez nous contacter.<\/p>\n\n\n\n<hr class=\"wp-block-separator has-text-color has-alpha-channel-opacity has-background is-style-wide hr-three\" style=\"background-color:#f5f5f5;color:#f5f5f5\"\/>\n\n\n\n<h4 class=\"wp-block-heading\">Comment fonctionne l&rsquo;inscription et la cr\u00e9ation d&rsquo;un compte utilisateur dans la boutique en ligne?<\/h4>\n\n\n\n<p>Vous pouvez vous inscrire sous <a href=\"\/fr\/my-account\/\">Mon compte<\/a> en cliquant sur le bouton \u00ab<del>&nbsp;<\/del>Se connecter ou s\u2019inscrire<del>&nbsp;<\/del>\u00bb. Saisissez votre adresse e-mail et cliquez sur \u00ab<del>&nbsp;<\/del>Connexion<del>&nbsp;<\/del>\u00bb. Si vous n\u2019avez pas encore de compte, un nouveau compte sera cr\u00e9\u00e9 lors de votre premi\u00e8re connexion. Vous recevrez dans la minute qui suit un e-mail contenant un code d\u2019acc\u00e8s. Celui-ci est g\u00e9n\u00e9r\u00e9 \u00e0 chaque inscription et vous est envoy\u00e9 automatiquement. Si vous n\u2019avez pas re\u00e7u d\u2019e-mail avec le code d\u2019acc\u00e8s, veuillez v\u00e9rifier votre dossier de spam ou de quarantaine. Vous pouvez aussi nous contacter \u00e0 l\u2019adresse <a href=\"mailto:access-support.iml@unibe.ch\">access-support.iml@unibe.ch<\/a> si vous n\u2019avez pas re\u00e7u d\u2019e-mail dans la demi-heure qui suit.<\/p>\n\n\n\n<p><strong>Vous recevrez un nouveau code d&rsquo;acc\u00e8s par e-mail \u00e0 chaque inscription.<\/strong><\/p>\n\n\n\n<hr class=\"wp-block-separator has-text-color has-alpha-channel-opacity has-background is-style-wide hr-three\" style=\"background-color:#f5f5f5;color:#f5f5f5\"\/>\n\n\n\n<h4 class=\"wp-block-heading\">Comment puis-je acc\u00e9der au contenu d\u2019apprentissage apr\u00e8s l\u2019achat?<\/h4>\n\n\n\n<p>Connectez-vous \u00e0 la boutique. Via <a href=\"\/fr\/my-account\/\">Mon compte<\/a> dans le tableau de bord, vous acc\u00e9dez aux contenus d&rsquo;apprentissage en cliquant sur le produit.<\/p>\n\n\n\n<hr class=\"wp-block-separator has-text-color has-alpha-channel-opacity has-background is-style-wide hr-three\" style=\"background-color:#f5f5f5;color:#f5f5f5\"\/>\n\n\n\n<h4 class=\"wp-block-heading\">Existe-t-il des produits sous forme de CD ou de t\u00e9l\u00e9chargements?<\/h4>\n\n\n\n<p>Depuis 2024, nous proposons nos contenus d&rsquo;apprentissage <strong>exclusivement en ligne<\/strong>. Nous ne vendons plus de CD et ne proposons plus le t\u00e9l\u00e9chargement.<\/p>\n\n\n\n<hr class=\"wp-block-separator has-text-color has-alpha-channel-opacity has-background is-style-wide hr-three\" style=\"background-color:#f5f5f5;color:#f5f5f5\"\/>\n\n\n\n<h4 class=\"wp-block-heading\">Puis-je utiliser le contenu d\u2019apprentissage que j\u2019ai acquis sur diff\u00e9rents appareils?&nbsp;&nbsp;&nbsp;<\/h4>\n\n\n\n<p>En fonction du produit, nous recommandons de visualiser le contenu d\u2019apprentissage sur un ordinateur ou un ordinateur portable, car la taille et la navigation ne sont pas optimales sur un appareil mobile.<\/p>\n\n\n\n<hr class=\"wp-block-separator has-text-color has-alpha-channel-opacity has-background is-style-wide hr-three\" style=\"background-color:#f5f5f5;color:#f5f5f5\"\/>\n\n\n\n<h4 class=\"wp-block-heading\">Quelles sont les exigences techniques pour pouvoir utiliser le mat\u00e9riel d&rsquo;apprentissage dans la boutique en ligne?<\/h4>\n\n\n\n<p>Nos contenus d\u2019apprentissage sont des programmes d\u2019e-learning et ne n\u00e9cessitent donc qu\u2019un acc\u00e8s \u00e0 Internet. Si des m\u00e9dias tels que des vid\u00e9os ne fonctionnent pas sur votre lieu de travail, cela est souvent d\u00fb \u00e0 des pare-feux restrictifs. Dans ce cas, veuillez contacter votre assistance informatique sur place.<\/p>\n\n\n\n<hr class=\"wp-block-separator has-text-color has-alpha-channel-opacity has-background is-style-wide hr-three\" style=\"background-color:#f5f5f5;color:#f5f5f5\"\/>\n\n\n\n<h4 class=\"wp-block-heading\">Y a-t-il une possibilit\u00e9 de donner un feedback sur le mat\u00e9riel d\u2019apprentissage ou de signaler des probl\u00e8mes?<\/h4>\n\n\n\n<p>Vous pouvez nous contacter \u00e0 l&rsquo;adresse <a href=\"mailto:elearnsupport.iml@unibe.ch\">elearnsupport.iml@unibe.ch<\/a> pour nous faire part de vos commentaires sur notre mat\u00e9riel d&rsquo;apprentissage.<\/p>\n\n\n\n<p>Medsurf met \u00e9galement un formulaire de contact \u00e0 disposition, que vous pourrez \u00e9galement utiliser.<\/p>\n\n\n\n<hr class=\"wp-block-separator has-text-color has-alpha-channel-opacity has-background is-style-wide hr-three\" style=\"background-color:#f5f5f5;color:#f5f5f5\"\/>\n\n\n\n<h4 class=\"wp-block-heading\">Y a-t-il une possibilit\u00e9 de retour pour les produits achet\u00e9s dans la boutique en ligne?<\/h4>\n\n\n\n<p>Un retour n&rsquo;est pas possible.<\/p>\n\n\n\n<hr class=\"wp-block-separator has-text-color has-alpha-channel-opacity has-background is-style-wide hr-three\" style=\"background-color:#f5f5f5;color:#f5f5f5\"\/>\n\n\n\n<h4 class=\"wp-block-heading\">En tant qu\u2019enseignant\/enseignante ou institution, puis-je acheter des licences en grandes quantit\u00e9s et conclure des accords de licence?<\/h4>\n\n\n\n<p>Selon le produit, vous pouvez obtenir un nombre illimit\u00e9 de licences pour un prix fixe. Veuillez consulter les informations suppl\u00e9mentaires sur les pages de chaque produit. Pour les contrats de licence, veuillez nous contacter par e-mail \u00e0 l&rsquo;adresse <a href=\"mailto:elearnsupport.iml@unibe.ch\">elearnsupport.iml@unibe.ch<\/a>.<\/p>\n\n\n\n<hr class=\"wp-block-separator has-text-color has-alpha-channel-opacity has-background is-style-wide hr-three\" style=\"background-color:#f5f5f5;color:#f5f5f5\"\/>\n\n\n\n<h3 class=\"wp-block-heading\" id=\"mwst\">Informations pour les universit\u00e9s suisses<\/h3>\n\n\n\n<h4 class=\"wp-block-heading\">Sommes-nous exon\u00e9r\u00e9s de la TVA?<\/h4>\n\n\n\n<p>En tant qu\u2019universit\u00e9 suisse, vous pouvez acheter nos produits en \u00e9tant exon\u00e9r\u00e9 de la TVA. Veuillez cr\u00e9er un compte utilisateur dans notre boutique en ligne et nous envoyer un e-mail \u00e0 <a href=\"mailto:access-support.iml@unibe.ch\">access-support.iml@unibe.ch<\/a> en mentionnant l\u2019adresse e-mail enregistr\u00e9e. Nous examinerons ensuite votre demande et, le cas \u00e9ch\u00e9ant, enregistrerons l\u2019exon\u00e9ration de la TVA dans votre compte utilisateur afin que vous puissiez \u00e0 l\u2019avenir acheter tous les produits sans TVA.<\/p>\n\n\n\n<hr class=\"wp-block-separator has-text-color has-alpha-channel-opacity has-background is-style-wide hr-three\" style=\"background-color:#f5f5f5;color:#f5f5f5\"\/>\n\n\n\n<h3 class=\"wp-block-heading\">Bon \u00e0 savoir pour les revendeurs<\/h3>\n\n\n\n<h4 class=\"wp-block-heading\">Est-il possible de revendre les produits en tant que revendeur?<\/h4>\n\n\n\n<p>Actuellement, nous n\u2019offrons pas encore cette possibilit\u00e9 via cette boutique en ligne. En tant que revendeur, veuillez vous adresser \u00e0 <a href=\"mailto:elearnsupport.iml@unibe.ch\">elearnsupport.iml@unibe.ch<\/a>. <strong>Revendre les produits n\u2019est donc pas autoris\u00e9<\/strong>.<\/p>\n","protected":false},"excerpt":{"rendered":"<p>Vous trouverez ci-dessous les questions les plus fr\u00e9quemment pos\u00e9es \u00e0 propos de la boutique en ligne. Si votre question n\u2019est pas list\u00e9e ci-dessous, veuillez nous contacter. Comment fonctionne l&rsquo;inscription et la cr\u00e9ation d&rsquo;un compte utilisateur dans la boutique en ligne? Vous pouvez vous inscrire sous Mon compte en cliquant sur le bouton \u00ab&nbsp;Se connecter ou [&hellip;]<\/p>\n","protected":false},"author":10,"featured_media":0,"parent":0,"menu_order":0,"comment_status":"closed","ping_status":"closed","template":"","meta":{"_acf_changed":false,"footnotes":""},"class_list":["post-792","page","type-page","status-publish","hentry"],"acf":[],"_links":{"self":[{"href":"https:\/\/shop.preview.iml.unibe.ch\/fr\/wp-json\/wp\/v2\/pages\/792","targetHints":{"allow":["GET"]}}],"collection":[{"href":"https:\/\/shop.preview.iml.unibe.ch\/fr\/wp-json\/wp\/v2\/pages"}],"about":[{"href":"https:\/\/shop.preview.iml.unibe.ch\/fr\/wp-json\/wp\/v2\/types\/page"}],"author":[{"embeddable":true,"href":"https:\/\/shop.preview.iml.unibe.ch\/fr\/wp-json\/wp\/v2\/users\/10"}],"replies":[{"embeddable":true,"href":"https:\/\/shop.preview.iml.unibe.ch\/fr\/wp-json\/wp\/v2\/comments?post=792"}],"version-history":[{"count":90,"href":"https:\/\/shop.preview.iml.unibe.ch\/fr\/wp-json\/wp\/v2\/pages\/792\/revisions"}],"predecessor-version":[{"id":1928,"href":"https:\/\/shop.preview.iml.unibe.ch\/fr\/wp-json\/wp\/v2\/pages\/792\/revisions\/1928"}],"wp:attachment":[{"href":"https:\/\/shop.preview.iml.unibe.ch\/fr\/wp-json\/wp\/v2\/media?parent=792"}],"curies":[{"name":"wp","href":"https:\/\/api.w.org\/{rel}","templated":true}]}}