{"id":6,"date":"2023-02-22T13:50:58","date_gmt":"2023-02-22T13:50:58","guid":{"rendered":"https:\/\/shop.preview.iml.unibe.ch\/shop\/"},"modified":"2024-08-21T13:58:49","modified_gmt":"2024-08-21T11:58:49","slug":"products","status":"publish","type":"page","link":"https:\/\/shop.preview.iml.unibe.ch\/fr\/products\/","title":{"rendered":"Produits"},"content":{"rendered":"\n<p class=\"introduction-text\">Notre r\u00e9pertoire actuel de m\u00e9dias d\u2019apprentissage. Du mat\u00e9riel d\u2019apprentissage suppl\u00e9mentaire est ajout\u00e9 en continu.<\/p>\n\n\n<div data-block-name=\"woocommerce\/product-category\" data-categories=\"[25,27]\" data-columns=\"2\" data-orderby=\"menu_order\" data-rows=\"1\" class=\"wc-block-grid wp-block-product-category wp-block-woocommerce-product-category wc-block-product-category has-2-columns\"><ul class=\"wc-block-grid__products\"><li class=\"medsurf-product\">\n        <h3><a href=\"https:\/\/shop.preview.iml.unibe.ch\/fr\/products\/hemosurf\/\">HemoSurf<\/a><\/h3>\n        <a href=\"https:\/\/shop.preview.iml.unibe.ch\/fr\/products\/hemosurf\/\" class=\"medsurf-product__image\"><\/a>\n        <p class=\"medsurf-product__description\">HemoSurf est un programme d&rsquo;apprentissage interactif contenant plus de 3000 images de frottis sanguins et de moelle osseuse.<\/p>\n        <a class=\"medsurf-product__cta\" href=\"https:\/\/shop.preview.iml.unibe.ch\/fr\/products\/hemosurf\/\" class=\"\">Vers le produit<\/a>\n        \n    <\/li><li class=\"medsurf-product\">\n        <h3><a href=\"https:\/\/shop.preview.iml.unibe.ch\/fr\/products\/bern36\/\">Vid\u00e9os \u00abBern 36\u00bb Skills<\/a><\/h3>\n        <a href=\"https:\/\/shop.preview.iml.unibe.ch\/fr\/products\/bern36\/\" class=\"medsurf-product__image\"><\/a>\n        <p class=\"medsurf-product__description\">La vaste collection de vid\u00e9os sur l&rsquo;anamn\u00e8se et les techniques d&rsquo;examen clinique destin\u00e9e aux \u00e9tudiantes et \u00e9tudiants en m\u00e9decine humaine, dans le cadre du Clinical Skills Training (CST) bernois.<\/p>\n        <a class=\"medsurf-product__cta\" href=\"https:\/\/shop.preview.iml.unibe.ch\/fr\/products\/bern36\/\" class=\"\">Vers le produit<\/a>\n        \n    <\/li><\/ul><\/div>","protected":false},"excerpt":{"rendered":"<p>Notre r\u00e9pertoire actuel de m\u00e9dias d\u2019apprentissage. Du mat\u00e9riel d\u2019apprentissage suppl\u00e9mentaire est ajout\u00e9 en continu.<\/p>\n","protected":false},"author":1,"featured_media":0,"parent":0,"menu_order":0,"comment_status":"closed","ping_status":"closed","template":"","meta":{"_acf_changed":false,"footnotes":""},"class_list":["post-6","page","type-page","status-publish","hentry"],"acf":[],"_links":{"self":[{"href":"https:\/\/shop.preview.iml.unibe.ch\/fr\/wp-json\/wp\/v2\/pages\/6","targetHints":{"allow":["GET"]}}],"collection":[{"href":"https:\/\/shop.preview.iml.unibe.ch\/fr\/wp-json\/wp\/v2\/pages"}],"about":[{"href":"https:\/\/shop.preview.iml.unibe.ch\/fr\/wp-json\/wp\/v2\/types\/page"}],"author":[{"embeddable":true,"href":"https:\/\/shop.preview.iml.unibe.ch\/fr\/wp-json\/wp\/v2\/users\/1"}],"replies":[{"embeddable":true,"href":"https:\/\/shop.preview.iml.unibe.ch\/fr\/wp-json\/wp\/v2\/comments?post=6"}],"version-history":[{"count":32,"href":"https:\/\/shop.preview.iml.unibe.ch\/fr\/wp-json\/wp\/v2\/pages\/6\/revisions"}],"predecessor-version":[{"id":1645,"href":"https:\/\/shop.preview.iml.unibe.ch\/fr\/wp-json\/wp\/v2\/pages\/6\/revisions\/1645"}],"wp:attachment":[{"href":"https:\/\/shop.preview.iml.unibe.ch\/fr\/wp-json\/wp\/v2\/media?parent=6"}],"curies":[{"name":"wp","href":"https:\/\/api.w.org\/{rel}","templated":true}]}}