{"id":597,"date":"2024-07-02T00:00:05","date_gmt":"2024-07-01T22:00:05","guid":{"rendered":"https:\/\/shop.preview.iml.unibe.ch\/?post_type=product&#038;p=597"},"modified":"2025-11-11T12:08:47","modified_gmt":"2025-11-11T11:08:47","slug":"hemosurf","status":"publish","type":"product","link":"https:\/\/shop.preview.iml.unibe.ch\/de\/products\/hemosurf\/","title":{"rendered":"HemoSurf"},"content":{"rendered":"<p>Ein interaktiver H\u00e4matologie-Atlas<br \/>\nVersion 3.1, 2024<br \/>\nDeutsch\/Franz\u00f6sisch\/Englisch\/Spanisch<\/p>\n<p>U. Woermann, M. Montandon, A. Tobler, P. Keller<\/p>\n<p>Zielpublikum: Medizinstudierende, \u00c4rztinnen und \u00c4rzte in Weiterbildung insbesondere in Innerer Medizin oder H\u00e4matologie, praktizierende \u00c4rztinnen und \u00c4rzte, Sch\u00fclerinnen und Sch\u00fcler medizinisch-technischer Laborschulen Praxisassistentinnen und Praxisassistenten.<\/p>\n<p>HemoSurf ist ein interaktives Lernprogramm mit \u00fcber 3000 Bildern von Blut- und Knochenmarkausstrichen. HemoSurf umfasst eine der umfangreichsten Sammlungen von h\u00e4matologischen Bildern. Zudem kann die Bildqualit\u00e4t als \u00fcberdurchschnittlich gut bezeichnet werden. Die Bilder sind auf zwei Arten zug\u00e4nglich: zum einen eingebettet in ein didaktisches Lernkonzept, das den Nutzenden schrittweise dazu bef\u00e4higt, Blutbilder zu beurteilen; andererseits in einer Galerie, wo \u00fcber 60 verschiedene Blutbilder, zum Teil mit Knochenmarkausstrichen, angeschaut werden k\u00f6nnen. Zudem k\u00f6nnen von allen Krankheitsbildern die Labordaten abgefragt werden. Weit \u00fcber 100 Infos liefern zudem kontextabh\u00e4ngig theoretisches Wissen. Das Kapitel zur Labortechnologie enth\u00e4lt Videosequenzen zur Herstellung und F\u00e4rbung von Blutausstrichen sowie zur Durchf\u00fchrung der Senkungsreaktion.<\/p>\n    <table class=\"medsurf-bulk-discount-table\">\n        <thead>\n            <tr>\n                                    <th>\n                        1 - 5 Lizenzen                    <\/th>\n                                    <th>\n                        6 - 99 Lizenzen                    <\/th>\n                                    <th>\n                        100+ Lizenzen                    <\/th>\n                            <\/tr>\n        <\/thead>\n        <tbody>\n            <tr>\n                                    <td>\n                        <span class=\"woocommerce-Price-amount amount\"><bdi><span class=\"woocommerce-Price-currencySymbol\">&#67;&#72;&#70;<\/span>&nbsp;19.90<\/bdi><\/span> pro Lizenz                    <\/td>\n                                    <td>\n                        <span class=\"woocommerce-Price-amount amount\"><bdi><span class=\"woocommerce-Price-currencySymbol\">&#67;&#72;&#70;<\/span>&nbsp;9.90<\/bdi><\/span> pro Lizenz                    <\/td>\n                                    <td>\n                        Gesamtsumme <span class=\"woocommerce-Price-amount amount\"><bdi><span class=\"woocommerce-Price-currencySymbol\">&#67;&#72;&#70;<\/span>&nbsp;999.00<\/bdi><\/span>                    <\/td>\n                            <\/tr>\n        <\/tbody>\n    <\/table>\n    \n","protected":false},"excerpt":{"rendered":"<p>HemoSurf ist ein interaktives Lernprogramm mit \u00fcber 3000 Bildern von Blut- und Knochenmarkausstrichen.<\/p>\n","protected":false},"featured_media":0,"template":"","meta":{"_acf_changed":false},"product_brand":[],"product_cat":[25],"product_tag":[],"class_list":{"0":"post-597","1":"product","2":"type-product","3":"status-publish","5":"product_cat-hemosurf","7":"first","8":"instock","9":"virtual","10":"taxable","11":"purchasable","12":"product-type-subscription"},"acf":[],"_links":{"self":[{"href":"https:\/\/shop.preview.iml.unibe.ch\/de\/wp-json\/wp\/v2\/product\/597","targetHints":{"allow":["GET"]}}],"collection":[{"href":"https:\/\/shop.preview.iml.unibe.ch\/de\/wp-json\/wp\/v2\/product"}],"about":[{"href":"https:\/\/shop.preview.iml.unibe.ch\/de\/wp-json\/wp\/v2\/types\/product"}],"wp:attachment":[{"href":"https:\/\/shop.preview.iml.unibe.ch\/de\/wp-json\/wp\/v2\/media?parent=597"}],"wp:term":[{"taxonomy":"product_brand","embeddable":true,"href":"https:\/\/shop.preview.iml.unibe.ch\/de\/wp-json\/wp\/v2\/product_brand?post=597"},{"taxonomy":"product_cat","embeddable":true,"href":"https:\/\/shop.preview.iml.unibe.ch\/de\/wp-json\/wp\/v2\/product_cat?post=597"},{"taxonomy":"product_tag","embeddable":true,"href":"https:\/\/shop.preview.iml.unibe.ch\/de\/wp-json\/wp\/v2\/product_tag?post=597"}],"curies":[{"name":"wp","href":"https:\/\/api.w.org\/{rel}","templated":true}]}}