{"id":1429,"date":"2024-07-01T00:00:29","date_gmt":"2024-06-30T22:00:29","guid":{"rendered":"https:\/\/shop.preview.iml.unibe.ch\/?post_type=product&#038;p=1429"},"modified":"2026-02-19T17:44:36","modified_gmt":"2026-02-19T16:44:36","slug":"bern36","status":"publish","type":"product","link":"https:\/\/shop.preview.iml.unibe.ch\/de\/products\/bern36\/","title":{"rendered":"\u00abBern 36\u00bb Skills Videos"},"content":{"rendered":"<p>Die \u00abBern 36\u00bb Skills Videos gelten in Bern als evidenzbasierte Referenz und decken das gesamte Spektrum der klinischen Untersuchungstechniken ab: von Herzkreislauf, Lunge und Abdomen \u00fcber Neurologie, P\u00e4diatrie und Gyn\u00e4kologie bis hin zu Orthop\u00e4die, Ophthalmologie und HNO.<\/p>\n","protected":false},"excerpt":{"rendered":"<p>Die umfangreiche Video-Sammlung zu Anamnese und klinischen Untersuchungstechniken f\u00fcr Studierende der Humanmedizin des Berner Clinical Skills Training (CST)<br \/>\n<a href=\"https:\/\/elearning.medizin.unibe.ch\/clinisurf\/bern36\" target=\"_blank\" rel=\"noopener\">Informationen zu \u00abBern36\u00bb<\/a><\/p>\n","protected":false},"featured_media":0,"template":"","meta":{"_acf_changed":false},"product_brand":[],"product_cat":[27],"product_tag":[],"class_list":{"0":"post-1429","1":"product","2":"type-product","3":"status-publish","5":"product_cat-cst-videos","7":"first","8":"instock","9":"taxable","10":"shipping-taxable","11":"product-type-simple"},"acf":[],"_links":{"self":[{"href":"https:\/\/shop.preview.iml.unibe.ch\/de\/wp-json\/wp\/v2\/product\/1429","targetHints":{"allow":["GET"]}}],"collection":[{"href":"https:\/\/shop.preview.iml.unibe.ch\/de\/wp-json\/wp\/v2\/product"}],"about":[{"href":"https:\/\/shop.preview.iml.unibe.ch\/de\/wp-json\/wp\/v2\/types\/product"}],"wp:attachment":[{"href":"https:\/\/shop.preview.iml.unibe.ch\/de\/wp-json\/wp\/v2\/media?parent=1429"}],"wp:term":[{"taxonomy":"product_brand","embeddable":true,"href":"https:\/\/shop.preview.iml.unibe.ch\/de\/wp-json\/wp\/v2\/product_brand?post=1429"},{"taxonomy":"product_cat","embeddable":true,"href":"https:\/\/shop.preview.iml.unibe.ch\/de\/wp-json\/wp\/v2\/product_cat?post=1429"},{"taxonomy":"product_tag","embeddable":true,"href":"https:\/\/shop.preview.iml.unibe.ch\/de\/wp-json\/wp\/v2\/product_tag?post=1429"}],"curies":[{"name":"wp","href":"https:\/\/api.w.org\/{rel}","templated":true}]}}