{"id":795,"date":"2024-01-24T15:57:34","date_gmt":"2024-01-24T14:57:34","guid":{"rendered":"https:\/\/shop.preview.iml.unibe.ch\/?page_id=795"},"modified":"2024-08-13T08:10:16","modified_gmt":"2024-08-13T06:10:16","slug":"start","status":"publish","type":"page","link":"https:\/\/shop.preview.iml.unibe.ch\/de\/","title":{"rendered":"Willkommen im IML Shop"},"content":{"rendered":"\n<p class=\"introduction-text\">Willkommen im Online-Shop des Instituts f\u00fcr Medizinische Lehre (IML) der Universit\u00e4t Bern. Unser Shop bietet Zugang zu einer Sammlung von E-Learning-Programmen und Lernvideos, die in Zusammenarbeit mit Dozierenden sowie Expertinnen und Experten f\u00fcr das Selbststudium an der Medizinischen Fakult\u00e4t entwickelt wurden.<\/p>\n\n\n\n<div class=\"wp-block-columns are-vertically-aligned-center start-view-product has-background is-layout-flex wp-container-core-columns-is-layout-28232c24 wp-block-columns-is-layout-flex\" style=\"background-color:#f5f5f5\">\n<div class=\"wp-block-column is-vertically-aligned-center is-layout-flow wp-block-column-is-layout-flow\" style=\"flex-basis:66.66%\">\n<p class=\"has-black-color has-text-color has-link-color wp-elements-1c6ffda8ca500a143076240b2512bf7b\" style=\"font-size:22px\"><strong>E-Learning Programme und Lernvideos<\/strong><\/p>\n<\/div>\n\n\n\n<div class=\"wp-block-column is-vertically-aligned-center is-layout-flow wp-block-column-is-layout-flow\" style=\"flex-basis:33.33%\">\n<div class=\"wp-block-buttons is-content-justification-right is-layout-flex wp-container-core-buttons-is-layout-27f651d6 wp-block-buttons-is-layout-flex\">\n<div class=\"wp-block-button has-custom-width wp-block-button__width-100\"><a class=\"wp-block-button__link has-white-color has-text-color has-background has-link-color has-text-align-center wp-element-button\" href=\"\/de\/products\/\" style=\"background-color:#4a4a4a\">Unsere Produkte ansehen<\/a><\/div>\n<\/div>\n<\/div>\n<\/div>\n\n\n\n<div class=\"wp-block-columns is-layout-flex wp-container-core-columns-is-layout-28f84493 wp-block-columns-is-layout-flex\">\n<div class=\"wp-block-column start-information-btn has-background is-layout-flow wp-block-column-is-layout-flow\" style=\"background-color:#f5f5f5\">\n<p class=\"has-text-align-center has-black-color has-text-color has-link-color wp-elements-6f1280e89fd62a87b5c54aa02b24df4f\"><br><a href=\"\/de\/faq\/\" data-type=\"page\" data-id=\"795\">Informationen f\u00fcr<br><strong>Interessierte K\u00e4ufer:innen<\/strong><\/a><\/p>\n\n\n\n<p><\/p>\n<\/div>\n\n\n\n<div class=\"wp-block-column start-information-btn has-background is-layout-flow wp-block-column-is-layout-flow\" style=\"background-color:#f5f5f5\">\n<p class=\"has-text-align-center has-black-color has-text-color has-link-color wp-elements-f2e5503610062d64adfdec66e2ec5377\"><br><a href=\"\/de\/faq#mwst\">Informationen f\u00fcr<br><strong>Schweizer Universit\u00e4ten<\/strong><\/a><\/p>\n\n\n\n<p><\/p>\n<\/div>\n<\/div>\n\n\n\n<hr class=\"wp-block-separator has-alpha-channel-opacity is-style-wide line-separator\"\/>\n\n\n\n<p>Das Institut f\u00fcr Medizinische Lehre (IML) der Universit\u00e4t Bern vereint Erfahrung und Kompetenz in Lehre, Assessment und Entwicklung unter einem Dach. Die Abteilung f\u00fcr Unterricht und Medien (AUM) entwickelt gemeinsam mit Dozierenden Lernmedien f\u00fcr das Selbststudium an der Medizinischen Fakult\u00e4t. In Zusammenarbeit mit anderen Fakult\u00e4ten, Hochschulen und externen Partnerinnen und Partnern erstellen wir interaktive, webbasierte Lernprogramme, Videos, Animationen und Grafiken. Wir unterst\u00fctzen die Produktion mit einem Video- und Tonstudio vor Ort und einem professionellen Videoteam.<\/p>\n","protected":false},"excerpt":{"rendered":"<p>Willkommen im Online-Shop des Instituts f\u00fcr Medizinische Lehre (IML) der Universit\u00e4t Bern. Unser Shop bietet Zugang zu einer Sammlung von E-Learning-Programmen und Lernvideos, die in Zusammenarbeit mit Dozierenden sowie Expertinnen und Experten f\u00fcr das Selbststudium an der Medizinischen Fakult\u00e4t entwickelt wurden. E-Learning Programme und Lernvideos Informationen f\u00fcrInteressierte K\u00e4ufer:innen Informationen f\u00fcrSchweizer Universit\u00e4ten Das Institut f\u00fcr Medizinische [&hellip;]<\/p>\n","protected":false},"author":10,"featured_media":0,"parent":0,"menu_order":0,"comment_status":"closed","ping_status":"closed","template":"","meta":{"_acf_changed":false,"footnotes":""},"class_list":["post-795","page","type-page","status-publish","hentry"],"acf":[],"_links":{"self":[{"href":"https:\/\/shop.preview.iml.unibe.ch\/de\/wp-json\/wp\/v2\/pages\/795","targetHints":{"allow":["GET"]}}],"collection":[{"href":"https:\/\/shop.preview.iml.unibe.ch\/de\/wp-json\/wp\/v2\/pages"}],"about":[{"href":"https:\/\/shop.preview.iml.unibe.ch\/de\/wp-json\/wp\/v2\/types\/page"}],"author":[{"embeddable":true,"href":"https:\/\/shop.preview.iml.unibe.ch\/de\/wp-json\/wp\/v2\/users\/10"}],"replies":[{"embeddable":true,"href":"https:\/\/shop.preview.iml.unibe.ch\/de\/wp-json\/wp\/v2\/comments?post=795"}],"version-history":[{"count":99,"href":"https:\/\/shop.preview.iml.unibe.ch\/de\/wp-json\/wp\/v2\/pages\/795\/revisions"}],"predecessor-version":[{"id":1559,"href":"https:\/\/shop.preview.iml.unibe.ch\/de\/wp-json\/wp\/v2\/pages\/795\/revisions\/1559"}],"wp:attachment":[{"href":"https:\/\/shop.preview.iml.unibe.ch\/de\/wp-json\/wp\/v2\/media?parent=795"}],"curies":[{"name":"wp","href":"https:\/\/api.w.org\/{rel}","templated":true}]}}